{"id":5704,"date":"2018-08-28T14:08:47","date_gmt":"2018-08-28T21:08:47","guid":{"rendered":"https:\/\/www.cloroxpro.ca\/?page_id=5704"},"modified":"2021-02-02T09:06:49","modified_gmt":"2021-02-02T17:06:49","slug":"a-propos-de-nous","status":"publish","type":"page","link":"https:\/\/www.cloroxpro.ca\/fr\/a-propos-de-nous\/","title":{"rendered":"Des produits auxquels les professionnels font confiance  <strong> depuis plus d\u2019un si\u00e8cle. <\/strong>"},"content":{"rendered":"<p>Forte d\u2019un si\u00e8cle d\u2019expertise et d\u2019excellence, CloroxPro s\u2019est engag\u00e9e \u00e0 fournir des solutions de nettoyage et de d\u00e9sinfection \u00e0 usage commercial et ayant fait leurs preuves pour prot\u00e9ger les gens et leur milieu environnant. L\u00e0 o\u00f9 la propret\u00e9 veut tout dire.<\/p>\n","protected":false},"excerpt":{"rendered":"<p>Forte d\u2019un si\u00e8cle d\u2019expertise et d\u2019excellence, CloroxPro s\u2019est engag\u00e9e \u00e0 fournir des solutions de nettoyage et de d\u00e9sinfection \u00e0 usage commercial et ayant fait leurs preuves pour prot\u00e9ger les gens et leur milieu environnant. L\u00e0 o\u00f9 la propret\u00e9 veut tout dire.<\/p>\n","protected":false},"author":5,"featured_media":0,"parent":0,"menu_order":0,"comment_status":"closed","ping_status":"closed","template":"page-generic-panel-content.php","meta":{"_acf_changed":false,"_relevanssi_hide_post":"","_relevanssi_hide_content":"","_relevanssi_pin_for_all":"","_relevanssi_pin_keywords":"","_relevanssi_unpin_keywords":"","_relevanssi_related_keywords":"","_relevanssi_related_include_ids":"","_relevanssi_related_exclude_ids":"","_relevanssi_related_no_append":"","_relevanssi_related_not_related":"","_relevanssi_related_posts":"","_relevanssi_noindex_reason":"","footnotes":""},"cp_term_completion":[],"class_list":["post-5704","page","type-page","status-publish","hentry"],"acf":[],"_links":{"self":[{"href":"https:\/\/www.cloroxpro.ca\/fr\/wp-json\/wp\/v2\/pages\/5704","targetHints":{"allow":["GET"]}}],"collection":[{"href":"https:\/\/www.cloroxpro.ca\/fr\/wp-json\/wp\/v2\/pages"}],"about":[{"href":"https:\/\/www.cloroxpro.ca\/fr\/wp-json\/wp\/v2\/types\/page"}],"author":[{"embeddable":true,"href":"https:\/\/www.cloroxpro.ca\/fr\/wp-json\/wp\/v2\/users\/5"}],"replies":[{"embeddable":true,"href":"https:\/\/www.cloroxpro.ca\/fr\/wp-json\/wp\/v2\/comments?post=5704"}],"version-history":[{"count":0,"href":"https:\/\/www.cloroxpro.ca\/fr\/wp-json\/wp\/v2\/pages\/5704\/revisions"}],"wp:attachment":[{"href":"https:\/\/www.cloroxpro.ca\/fr\/wp-json\/wp\/v2\/media?parent=5704"}],"wp:term":[{"taxonomy":"cp_term_completion","embeddable":true,"href":"https:\/\/www.cloroxpro.ca\/fr\/wp-json\/wp\/v2\/cp_term_completion?post=5704"}],"curies":[{"name":"wp","href":"https:\/\/api.w.org\/{rel}","templated":true}]}}