{"id":5685,"date":"2018-07-06T11:16:45","date_gmt":"2018-07-06T18:16:45","guid":{"rendered":"https:\/\/www.cloroxpro.ca\/?page_id=5685"},"modified":"2021-04-01T15:17:32","modified_gmt":"2021-04-01T22:17:32","slug":"centre-de-ressources","status":"publish","type":"page","link":"https:\/\/www.cloroxpro.ca\/fr\/centre-de-ressources\/","title":{"rendered":"Centre de ressources"},"content":{"rendered":"\n<h1 class=\"wp-block-heading\"><strong>Votre programme de nettoyage commence avec des outils et des ressources de confiance.<\/strong><\/h1>\n\n\n\n<p>Explorez nos articles \u00e9tay\u00e9s sur des faits scientifiques, nos outils \u00e9ducatifs, nos guides d\u2019utilisation, nos vid\u00e9os, etc.<\/p>\n","protected":false},"excerpt":{"rendered":"<p>Votre programme de nettoyage commence avec des outils et des ressources de confiance. Explorez nos articles \u00e9tay\u00e9s sur des faits scientifiques, nos outils \u00e9ducatifs, nos guides d\u2019utilisation, nos vid\u00e9os, etc.<\/p>\n","protected":false},"author":31,"featured_media":0,"parent":0,"menu_order":0,"comment_status":"closed","ping_status":"closed","template":"","meta":{"_acf_changed":false,"_relevanssi_hide_post":"","_relevanssi_hide_content":"","_relevanssi_pin_for_all":"","_relevanssi_pin_keywords":"","_relevanssi_unpin_keywords":"","_relevanssi_related_keywords":"","_relevanssi_related_include_ids":"","_relevanssi_related_exclude_ids":"","_relevanssi_related_no_append":"","_relevanssi_related_not_related":"","_relevanssi_related_posts":"","_relevanssi_noindex_reason":"","footnotes":""},"cp_term_completion":[],"class_list":["post-5685","page","type-page","status-publish","hentry"],"acf":[],"_links":{"self":[{"href":"https:\/\/www.cloroxpro.ca\/fr\/wp-json\/wp\/v2\/pages\/5685","targetHints":{"allow":["GET"]}}],"collection":[{"href":"https:\/\/www.cloroxpro.ca\/fr\/wp-json\/wp\/v2\/pages"}],"about":[{"href":"https:\/\/www.cloroxpro.ca\/fr\/wp-json\/wp\/v2\/types\/page"}],"author":[{"embeddable":true,"href":"https:\/\/www.cloroxpro.ca\/fr\/wp-json\/wp\/v2\/users\/31"}],"replies":[{"embeddable":true,"href":"https:\/\/www.cloroxpro.ca\/fr\/wp-json\/wp\/v2\/comments?post=5685"}],"version-history":[{"count":0,"href":"https:\/\/www.cloroxpro.ca\/fr\/wp-json\/wp\/v2\/pages\/5685\/revisions"}],"wp:attachment":[{"href":"https:\/\/www.cloroxpro.ca\/fr\/wp-json\/wp\/v2\/media?parent=5685"}],"wp:term":[{"taxonomy":"cp_term_completion","embeddable":true,"href":"https:\/\/www.cloroxpro.ca\/fr\/wp-json\/wp\/v2\/cp_term_completion?post=5685"}],"curies":[{"name":"wp","href":"https:\/\/api.w.org\/{rel}","templated":true}]}}