{"id":5660,"date":"2017-11-20T11:30:38","date_gmt":"2017-11-20T19:30:38","guid":{"rendered":"https:\/\/www.cloroxpro.ca\/?page_id=5660"},"modified":"2024-07-18T20:40:08","modified_gmt":"2024-07-19T03:40:08","slug":"fiche-de-donnees-de-securite","status":"publish","type":"page","link":"https:\/\/www.cloroxpro.ca\/fr\/fiche-de-donnees-de-securite\/","title":{"rendered":"Fiche de donn\u00e9es de s\u00e9curit\u00e9"},"content":{"rendered":"<p>Apprenez les proc\u00e9dures appropri\u00e9es pour manipuler ou travailler avec nos produits. Les fiches de donn\u00e9es de s\u00e9curit\u00e9 couvrent \u00e9galement le stockage et l\u2019\u00e9limination appropri\u00e9s, les exigences de transport et d\u2019autres informations pr\u00e9ventives.<\/p>\n","protected":false},"excerpt":{"rendered":"<p>Apprenez les proc\u00e9dures appropri\u00e9es pour manipuler ou travailler avec nos produits. Les fiches de donn\u00e9es de s\u00e9curit\u00e9 couvrent \u00e9galement le stockage et l\u2019\u00e9limination appropri\u00e9s, les exigences de transport et d\u2019autres informations pr\u00e9ventives.<\/p>\n","protected":false},"author":7,"featured_media":0,"parent":0,"menu_order":0,"comment_status":"closed","ping_status":"closed","template":"","meta":{"_acf_changed":false,"_relevanssi_hide_post":"","_relevanssi_hide_content":"","_relevanssi_pin_for_all":"","_relevanssi_pin_keywords":"","_relevanssi_unpin_keywords":"","_relevanssi_related_keywords":"","_relevanssi_related_include_ids":"","_relevanssi_related_exclude_ids":"","_relevanssi_related_no_append":"","_relevanssi_related_not_related":"","_relevanssi_related_posts":"","_relevanssi_noindex_reason":"","footnotes":""},"cp_term_completion":[],"class_list":["post-5660","page","type-page","status-publish","hentry"],"acf":[],"_links":{"self":[{"href":"https:\/\/www.cloroxpro.ca\/fr\/wp-json\/wp\/v2\/pages\/5660","targetHints":{"allow":["GET"]}}],"collection":[{"href":"https:\/\/www.cloroxpro.ca\/fr\/wp-json\/wp\/v2\/pages"}],"about":[{"href":"https:\/\/www.cloroxpro.ca\/fr\/wp-json\/wp\/v2\/types\/page"}],"author":[{"embeddable":true,"href":"https:\/\/www.cloroxpro.ca\/fr\/wp-json\/wp\/v2\/users\/7"}],"replies":[{"embeddable":true,"href":"https:\/\/www.cloroxpro.ca\/fr\/wp-json\/wp\/v2\/comments?post=5660"}],"version-history":[{"count":0,"href":"https:\/\/www.cloroxpro.ca\/fr\/wp-json\/wp\/v2\/pages\/5660\/revisions"}],"wp:attachment":[{"href":"https:\/\/www.cloroxpro.ca\/fr\/wp-json\/wp\/v2\/media?parent=5660"}],"wp:term":[{"taxonomy":"cp_term_completion","embeddable":true,"href":"https:\/\/www.cloroxpro.ca\/fr\/wp-json\/wp\/v2\/cp_term_completion?post=5660"}],"curies":[{"name":"wp","href":"https:\/\/api.w.org\/{rel}","templated":true}]}}