{"id":5608,"date":"2019-05-08T14:03:11","date_gmt":"2019-05-08T21:03:11","guid":{"rendered":"https:\/\/www.cloroxpro.ca\/?page_id=5608"},"modified":"2020-12-17T12:33:24","modified_gmt":"2020-12-17T20:33:24","slug":"blog","status":"publish","type":"page","link":"https:\/\/www.cloroxpro.ca\/fr\/blog\/","title":{"rendered":"CloroxPro Blog \u2013 Informations professionnelles sur le nettoyage et la d\u00e9sinfection"},"content":{"rendered":"\n<p>Un blog d&#8217;experts de l&#8217;industrie consacr\u00e9 \u00e0 la sensibilisation \u00e0 la sant\u00e9 publique, aux meilleures pratiques et au r\u00f4le du nettoyage et de la d\u00e9sinfection de l&#8217;environnement, pour promouvoir des espaces publics plus s\u00fbrs et plus sains.<\/p>\n","protected":false},"excerpt":{"rendered":"<p>Un blog d&#8217;experts de l&#8217;industrie consacr\u00e9 \u00e0 la sensibilisation \u00e0 la sant\u00e9 publique, aux meilleures pratiques et au r\u00f4le du nettoyage et de la d\u00e9sinfection de l&#8217;environnement, pour promouvoir des espaces publics plus s\u00fbrs et plus sains.<\/p>\n","protected":false},"author":1,"featured_media":0,"parent":0,"menu_order":0,"comment_status":"closed","ping_status":"closed","template":"archive-blog.php","meta":{"_acf_changed":false,"_relevanssi_hide_post":"","_relevanssi_hide_content":"","_relevanssi_pin_for_all":"","_relevanssi_pin_keywords":"","_relevanssi_unpin_keywords":"","_relevanssi_related_keywords":"","_relevanssi_related_include_ids":"","_relevanssi_related_exclude_ids":"","_relevanssi_related_no_append":"","_relevanssi_related_not_related":"","_relevanssi_related_posts":"","_relevanssi_noindex_reason":"","footnotes":""},"cp_term_completion":[],"class_list":["post-5608","page","type-page","status-publish","hentry"],"acf":[],"_links":{"self":[{"href":"https:\/\/www.cloroxpro.ca\/fr\/wp-json\/wp\/v2\/pages\/5608","targetHints":{"allow":["GET"]}}],"collection":[{"href":"https:\/\/www.cloroxpro.ca\/fr\/wp-json\/wp\/v2\/pages"}],"about":[{"href":"https:\/\/www.cloroxpro.ca\/fr\/wp-json\/wp\/v2\/types\/page"}],"author":[{"embeddable":true,"href":"https:\/\/www.cloroxpro.ca\/fr\/wp-json\/wp\/v2\/users\/1"}],"replies":[{"embeddable":true,"href":"https:\/\/www.cloroxpro.ca\/fr\/wp-json\/wp\/v2\/comments?post=5608"}],"version-history":[{"count":0,"href":"https:\/\/www.cloroxpro.ca\/fr\/wp-json\/wp\/v2\/pages\/5608\/revisions"}],"wp:attachment":[{"href":"https:\/\/www.cloroxpro.ca\/fr\/wp-json\/wp\/v2\/media?parent=5608"}],"wp:term":[{"taxonomy":"cp_term_completion","embeddable":true,"href":"https:\/\/www.cloroxpro.ca\/fr\/wp-json\/wp\/v2\/cp_term_completion?post=5608"}],"curies":[{"name":"wp","href":"https:\/\/api.w.org\/{rel}","templated":true}]}}